{"id":4420,"date":"2019-02-15T09:04:39","date_gmt":"2019-02-15T08:04:39","guid":{"rendered":"https:\/\/polkagris.com\/?page_id=4420"},"modified":"2022-02-14T13:23:40","modified_gmt":"2022-02-14T12:23:40","slug":"terms-and-conditions-of-sales","status":"publish","type":"page","link":"https:\/\/polkagris.com\/en\/terms-and-conditions-of-sales\/","title":{"rendered":"Terms and conditions of sales"},"content":{"rendered":"<p><em>Hos Grenna Polkagriskokeri AB omfattas du som konsument av <\/em><em><a href=\"http:\/\/www.riksdagen.se\/sv\/Dokument-Lagar\/Lagar\/Svenskforfattningssamling\/Konsumentkoplag-1990932_sfs-1990-932\/\">Konsumentk\u00f6plagen<\/a><\/em><em>,\u00a0<\/em><em><a href=\"http:\/\/www.riksdagen.se\/sv\/Dokument-Lagar\/Lagar\/Svenskforfattningssamling\/Konsumenttjanstlag-1985716_sfs-1985-716\/\">Konsumenttj\u00e4nstlagen<\/a><\/em><em>\u00a0och\u00a0<\/em><em><a href=\"http:\/\/www.riksdagen.se\/sv\/Dokument-Lagar\/Lagar\/Svenskforfattningssamling\/Distans--och-hemforsaljningsla_sfs-2005-59\/?bet=2005:59\">lag om distansavtal och avtal utanf\u00f6r aff\u00e4rslokaler<\/a><\/em><em>.<\/em><\/p>\n<h3>1. Produktinformation<\/h3>\n<p>Information om produkterna g\u00e4llande ingredienser, n\u00e4rings\u00e4mnen och vikt finns p\u00e5 respektive produktsida. Vid ytterligare fr\u00e5gor kontakta info@grenna-polkagris.se<\/p>\n<h3>2. Priser och frakt<\/h3>\n<p>Alla priser anges i SEK och inkluderar moms. Priser p\u00e5 respektive produkt framg\u00e5r i webbutiken, \u00e4ndring av pris sker i realtid d\u00e4r <em>Grenna Polkagriskokeri AB<\/em> \u00e4ger r\u00e4tt att \u00e4ndra priser utan avisering.<\/p>\n<p>Frakt tillkommer vid samtliga best\u00e4llningar hos oss. Fraktkostnaden baseras p\u00e5 vilket land leveransen skickas till och finns angiven i kassan. I f\u00f6rsta hand skickas varor i paket, vid skrymmande leveranser skickas varorna p\u00e5 pall f\u00f6r samma fraktkostnad som angivet f\u00f6r respektive land vid best\u00e4llningen.<\/p>\n<h3>3. Betalningsvillkor<\/h3>\n<p>Som kund hos <em>Grenna Polkagriskokeri AB<\/em> \u00e4ger man ett betalningsansvar vid accepterande och slutf\u00f6rande av ett k\u00f6p i webbutiken.<\/p>\n<p>Betalning kan ske med kontokort eller som direktbetalning via internetbanken. Alternativt kan man v\u00e4lja betalning mot faktura eller delbetalning\/konto som ansvaras av Klarna AB. Kreditpr\u00f6vning kan komma att g\u00f6ras vid betalning via faktura\/delbetalning. Betalningsp\u00e5minnelse samt dr\u00f6jsm\u00e5lsr\u00e4nta i de fall som betalning uteblir \u00f6verl\u00e5ts fordran till Klarna AB och hanteras enligt deras villkor.<\/p>\n<h3>4. Best\u00e4llning och orderbekr\u00e4ftelse<\/h3>\n<p>Vid slutf\u00f6rande av k\u00f6p f\u00f6rbinder man sig som kund att acceptera samt f\u00f6lja v\u00e5ra f\u00f6rs\u00e4ljningsvillkor.<\/p>\n<p>Som kund m\u00e5ste man vara minst 18 \u00e5r f\u00f6r att handla i webbutiken.<\/p>\n<p>Vid slutf\u00f6rd order skickas en orderbekr\u00e4ftelse via e-post d\u00e4r ordernummer, best\u00e4llda artiklar, priser, datum samt leveransadress framg\u00e5r. Bindande avtal ing\u00e5s n\u00e4r orderbekr\u00e4ftelse skickats till kunden.<\/p>\n<h3>5. \u00c4ndring\/avbest\u00e4llning av order<\/h3>\n<p>Som kund har man m\u00f6jlighet att \u00e4ndra samt avbest\u00e4lla din order fram till dess att paketet expedieras av <em>Grenna Polkagriskokeri AB<\/em>. Vid \u00e4ndring eller avbest\u00e4llning kontakta 0390-10039 alternativt maila till <a href=\"mailto:info@grenna-polkagris.se\">info@grenna-polkagris.se<\/a>. Har order expedierats kan \u00e4ndringar inte g\u00f6ras, f\u00f6r status kontakta ovan alternativ. Observera att om man f\u00f6rskottsbetalar sin order kan inga \u00e4ndringar g\u00f6ras efter att betalningen \u00e4r genomf\u00f6rd.<\/p>\n<p>Avbest\u00e4llning av order kan ske utan avgift fram till dess att f\u00f6rs\u00e4ndelsen \u00e4r expedierad av <em>Grenna Polkagriskokeri AB<\/em>. Har ordern expedierats och skickats kommer debitering av kostnad f\u00f6r outl\u00f6st paket samt eventuella andra kostnader <em>Grenna Polkagriskokeri AB<\/em> haft med anledning av avbest\u00e4llningen debiteras kunden.<\/p>\n<h3>6. Leverans<\/h3>\n<p>Samtliga kunder f\u00e5r sin leverans skickad till n\u00e4rmaste DHL Service Point baserat p\u00e5 den angivna adressen. F\u00f6rutsatt att varorna finns i lager samt att betalning och kreditkoll \u00e4r godk\u00e4nd skickas varorna fr\u00e5n <em>Grenna Polkagriskokeri AB <\/em>i omg\u00e5ende dock, senast inom fem arbetsdagar.<\/p>\n<p>Din order levereras till n\u00e4rmaste utl\u00e4mningsst\u00e4lle om kollit v\u00e4ger under 20 kg. Pall eller gods med vikt \u00f6ver 20 kg l\u00e4mnas p\u00e5 terminal. Observera att hemk\u00f6rning inte ing\u00e5r i fraktpriset.<\/p>\n<p>Om paket ska l\u00f6sas ut f\u00e5r man via avisering av DHL information om var och n\u00e4r paketet ska l\u00f6sas ut. <em>Grenna Polkagriskokeri AB<\/em> st\u00e5r f\u00f6r risken till dess att ordern \u00e4r utl\u00e4mnad till kunden.<\/p>\n<p>Outl\u00f6sta paket debiteras en avgift om fr\u00e5n 250 kr inklusive moms beroende p\u00e5 typ av f\u00f6rs\u00e4ndelse f\u00f6r att t\u00e4cka <em>Grenna Polkagriskokeri AB<\/em>:s kostnader f\u00f6r frakt och administration. Observera att om man \u00e5ngrar sitt k\u00f6p och vill returnera varan, m\u00e5ste man f\u00f6rst h\u00e4mta ut varan och d\u00e4refter returnera best\u00e4llningen.<\/p>\n<h3>7. \u00c5ngerr\u00e4tt<\/h3>\n<p>Vid k\u00f6p av varor fr\u00e5n <em>Grenna Polkagriskokeri AB<\/em>:s webbutik har man som konsument r\u00e4tt enligt lag (2005:59) om distansavtal och avtal utanf\u00f6r aff\u00e4rslokaler, i vissa fall r\u00e4tt att fr\u00e5ntr\u00e4da ett k\u00f6p (\u00e5ngerr\u00e4tt). Detta inneb\u00e4r att man har r\u00e4tt att \u00e5ngra sitt k\u00f6p genom att till <em>Grenna Polkagriskokeri AB<\/em> meddela detta via epost eller telefon inom 14 dagar fr\u00e5n den dag man tog emot den best\u00e4llda varan (\u00e5ngerfristen). Dvs \u00f6nskar man anv\u00e4nda sig av \u00e5ngerr\u00e4tten ska man som kund kontakta <em>Grenna Polkagriskokeri AB<\/em> via epost p\u00e5 <a href=\"mailto:info@grenna-polkagris.se\">info@grenna-polkagris.se<\/a> alternativt 0390-10039. Ange ordernummer f\u00f6r att underl\u00e4tta identifieringen av g\u00e4llande best\u00e4llning. Varan ska d\u00e5 \u00e5ters\u00e4ndas inom 14 dagar till <em>Grenna Polkagriskokeri AB<\/em><\/p>\n<p>Det betalda beloppet inklusive ursprunglig fraktkostnad \u00e5terbetalas senast inom 14 dagar ifr\u00e5n mottagandet av meddelande om ut\u00f6vande av \u00e5ngerr\u00e4tten, f\u00f6rutsatt att <em>Grenna Polkagriskokeri AB<\/em> inom denna tid f\u00e5tt ordern i retur eller ett intyg\/kvitto p\u00e5 att ordern \u00e4r returnerad. \u00c5terbetalning kan komma att g\u00f6ras p\u00e5 annat s\u00e4tt \u00e4n p\u00e5 det s\u00e4tt som betalningen erlades.<\/p>\n<p>Som kund har man r\u00e4tt att unders\u00f6ka varan i den utstr\u00e4ckning som kr\u00e4vs f\u00f6r att s\u00e4kerst\u00e4lla att den \u00e4r bra. Om n\u00e5gon f\u00f6rpackning \u00e4r bruten eller trasig vid retur kommer prisavdrag uppg\u00e5 till varans totala pris angivit p\u00e5 orderbekr\u00e4ftelsen.<\/p>\n<h3>8. Reklamation<\/h3>\n<p>Vid leverans rekommenderas man som kund unders\u00f6ka alla varor noggrant vid mottagandet f\u00f6r att f\u00f6rvissa sig om att de \u00e4r felfria och hela.<\/p>\n<p>Reklamation p\u00e5 best\u00e4lld vara ska ske inom sk\u00e4lig tid fr\u00e5n att felet uppt\u00e4cktes, eller borde ha uppt\u00e4ckts. Kontakta <em>Grenna Polkagriskokeri AB<\/em> p\u00e5 epost <a href=\"mailto:info@grenna-polkagris.se\">info@grenna-polkagris.se<\/a> alternativt telefon 0390-10039. Reklamation f\u00e5r inte ske senare \u00e4n 1 m\u00e5n efter mottagandet av en vara. Transportskador skall anm\u00e4las senast 5 dagar efter mottagande med bildbevis till ovan kontaktuppgifter alternativ hanteras vid uth\u00e4mtning p\u00e5 DHL Service Point.<\/p>\n<p>N\u00e4r varan \u00e4r returnerad och reklamationen godk\u00e4nts kompenserar <em>Grenna Polkagriskokeri AB <\/em>i kunden i enlighet med reglerna i konsumentk\u00f6plagen (1990:932) genom en ny likv\u00e4rdig produkt eller genom att man \u00e5terf\u00e5r betalningen f\u00f6r produkten (inkl. eventuella \u00f6vriga kostnader). \u00c5terbetalning sker s\u00e5 snart som m\u00f6jligt och inte senare \u00e4n 14 dagar fr\u00e5n det att <em>Grenna Polkagriskokeri AB<\/em> tagit emot varan och utrett om man som kund har r\u00e4tt att reklamera sitt k\u00f6p.<\/p>\n<h3>9. Retur<\/h3>\n<p>Returer (med anledning av utnyttjande av \u00e5ngerr\u00e4tt, p\u00e5 grund av reklamation eller \u00f6ppet k\u00f6p) skall s\u00e4ndas i en v\u00e4l skyddad l\u00e4mplig f\u00f6rpackning av transport\u00f6ren godk\u00e4nd. Eventuella tillkomna transportskador pga. bristf\u00e4llig f\u00f6rpackning debiteras kunden.<\/p>\n<p>Vid utnyttjande av \u00e5ngerr\u00e4tt st\u00e5r man som kund f\u00f6r kostnaden vid retur och \u00e4ger ansvaret f\u00f6r produkten till dess att den kommit <em>Grenna Polkagriskokeri AB<\/em> tillhanda.<\/p>\n<p>Vid godk\u00e4nd reklamation erh\u00e5ller man ers\u00e4ttning f\u00f6r eventuell fraktkostnad.<\/p>\n<p>Returer skickas till f\u00f6ljande adress:<br \/>\nGrenna Polkagriskokeri AB<br \/>\nBrahegatan 39<br \/>\n563 32 Gr\u00e4nna<\/p>\n<h3>10. Ansvar f\u00f6r fel<\/h3>\n<p><em>Grenna Polkagriskokeri AB<\/em>:s ansvar till f\u00f6ljd av fel p\u00e5 vara, f\u00f6rsening eller skada (s\u00e5v\u00e4l direkt som indirekt) \u00e4r begr\u00e4nsat till vad som f\u00f6ljer av dessa Allm\u00e4nna F\u00f6rs\u00e4ljningsvillkor samt av konsumentk\u00f6plagen (1990:932).<\/p>\n<h3>11. Personuppgifter<\/h3>\n<p>Information om hur vi behandlar dina personuppgifter framg\u00e5r av Grenna Polkagriskokeris <a href=\"https:\/\/polkagris.com\/wp-content\/uploads\/2022\/02\/Integritetspolicy-Grenna-Polkagriskokeri.pdf\">integritetspolicy<\/a>.<\/p>\n<h3>12. Tvist<\/h3>\n<p>En eventuell tvist kan h\u00e4nvisas till Allm\u00e4nna Reklamationsn\u00e4mnden (ARN). <em>Grenna Polkagriskokeri AB<\/em> har som policy att f\u00f6lja ARN:s rekommendationer.<\/p>\n<h3>13. \u00d6vrigt<\/h3>\n<p><em>Grenna Polkagriskokeri AB<\/em> kan inte h\u00e5llas ansvarigt f\u00f6r ol\u00e4genheter som uppst\u00e5r p\u00e5 grund av omst\u00e4ndigheter utanf\u00f6r <em>Grenna Polkagriskokeri AB<\/em>:s kontroll s\u00e5som v\u00e4derf\u00f6rh\u00e5llanden, laglig reglering eller annat p\u00e5bud av myndighet i Sverige eller utlandet, samt annan olycksh\u00e4ndelse.<\/p>\n<p>Information och priser l\u00e4mnas med reservation f\u00f6r skrivfel, felaktigheter i angivna produktspecifikationer, prish\u00f6jningar samt f\u00f6r slutf\u00f6rs\u00e4ljning.<\/p>\n<p><em>Grenna Polkagriskokeri AB <\/em>i f\u00f6rbeh\u00e5ller sig r\u00e4tten att n\u00e4r som helst \u00e4ndra dessa f\u00f6rs\u00e4ljningsvillkor.<\/p>\n<h3>14. Konsumentklagom\u00e5l<\/h3>\n<p>Om produkter best\u00e4llda fr\u00e5n <em>Grenna Polkagriskokeri AB\u00a0<\/em> \u00e4r felaktiga \u00e4r man som kund alltid v\u00e4lkommen att kontakta <a href=\"mailto:info@grenna-polkagris.se\">info@grenna-polkagris.se<\/a> alternativt via telefon 0390-10039.<\/p>\n<h3>15. Kontakta oss<\/h3>\n<p><em>Grenna Polkagriskokeri AB<\/em><br \/>\nPostadress: 563 32 Gr\u00e4nna<br \/>\nTelefon: 0390-10039<br \/>\nE-post: info@grenna-polkagris.se<br \/>\nOrganisationsnummer: 559221-9439<\/p>\n","protected":false},"excerpt":{"rendered":"<p>Hos Grenna Polkagriskokeri AB omfattas du som konsument av Konsumentk\u00f6plagen,\u00a0Konsumenttj\u00e4nstlagen\u00a0och\u00a0lag om distansavtal och avtal utanf\u00f6r aff\u00e4rslokaler. 1. Produktinformation Information om produkterna g\u00e4llande ingredienser, n\u00e4rings\u00e4mnen och vikt finns p\u00e5 respektive produktsida. Vid ytterligare fr\u00e5gor kontakta info@grenna-polkagris.se 2. Priser och frakt Alla priser anges i SEK och inkluderar moms. Priser p\u00e5 respektive produkt framg\u00e5r i webbutiken, \u00e4ndring [&hellip;]<\/p>\n","protected":false},"author":1,"featured_media":0,"parent":0,"menu_order":0,"comment_status":"closed","ping_status":"closed","template":"page-woocommerce.php","meta":{"_acf_changed":false,"footnotes":""},"class_list":["post-4420","page","type-page","status-publish","hentry"],"acf":[],"yoast_head":"<!-- This site is optimized with the Yoast SEO plugin v27.3 - https:\/\/yoast.com\/product\/yoast-seo-wordpress\/ -->\n<title>Terms and conditions of sales - Grenna Polkagriskokeri<\/title>\n<meta name=\"robots\" content=\"index, follow, max-snippet:-1, max-image-preview:large, max-video-preview:-1\" \/>\n<link rel=\"canonical\" href=\"https:\/\/polkagris.com\/forsaljningsvillkor\/\" \/>\n<meta property=\"og:locale\" content=\"en_US\" \/>\n<meta property=\"og:type\" content=\"article\" \/>\n<meta property=\"og:title\" content=\"Terms and conditions of sales - Grenna Polkagriskokeri\" \/>\n<meta property=\"og:description\" content=\"Hos Grenna Polkagriskokeri AB omfattas du som konsument av Konsumentk\u00f6plagen,\u00a0Konsumenttj\u00e4nstlagen\u00a0och\u00a0lag om distansavtal och avtal utanf\u00f6r aff\u00e4rslokaler. 1. Produktinformation Information om produkterna g\u00e4llande ingredienser, n\u00e4rings\u00e4mnen och vikt finns p\u00e5 respektive produktsida. Vid ytterligare fr\u00e5gor kontakta info@grenna-polkagris.se 2. Priser och frakt Alla priser anges i SEK och inkluderar moms. Priser p\u00e5 respektive produkt framg\u00e5r i webbutiken, \u00e4ndring [&hellip;]\" \/>\n<meta property=\"og:url\" content=\"https:\/\/polkagris.com\/forsaljningsvillkor\/\" \/>\n<meta property=\"og:site_name\" content=\"Grenna Polkagriskokeri\" \/>\n<meta property=\"article:modified_time\" content=\"2022-02-14T12:23:40+00:00\" \/>\n<meta name=\"twitter:card\" content=\"summary_large_image\" \/>\n<meta name=\"twitter:label1\" content=\"Est. reading time\" \/>\n\t<meta name=\"twitter:data1\" content=\"5 minutes\" \/>\n<script type=\"application\/ld+json\" class=\"yoast-schema-graph\">{\"@context\":\"https:\\\/\\\/schema.org\",\"@graph\":[{\"@type\":\"WebPage\",\"@id\":\"https:\\\/\\\/polkagris.com\\\/forsaljningsvillkor\\\/\",\"url\":\"https:\\\/\\\/polkagris.com\\\/forsaljningsvillkor\\\/\",\"name\":\"Terms and conditions of sales - Grenna Polkagriskokeri\",\"isPartOf\":{\"@id\":\"https:\\\/\\\/polkagris.com\\\/#website\"},\"datePublished\":\"2019-02-15T08:04:39+00:00\",\"dateModified\":\"2022-02-14T12:23:40+00:00\",\"breadcrumb\":{\"@id\":\"https:\\\/\\\/polkagris.com\\\/forsaljningsvillkor\\\/#breadcrumb\"},\"inLanguage\":\"en-US\",\"potentialAction\":[{\"@type\":\"ReadAction\",\"target\":[\"https:\\\/\\\/polkagris.com\\\/forsaljningsvillkor\\\/\"]}]},{\"@type\":\"BreadcrumbList\",\"@id\":\"https:\\\/\\\/polkagris.com\\\/forsaljningsvillkor\\\/#breadcrumb\",\"itemListElement\":[{\"@type\":\"ListItem\",\"position\":1,\"name\":\"Hem\",\"item\":\"https:\\\/\\\/polkagris.com\\\/en\\\/\"},{\"@type\":\"ListItem\",\"position\":2,\"name\":\"Terms and conditions of sales\"}]},{\"@type\":\"WebSite\",\"@id\":\"https:\\\/\\\/polkagris.com\\\/#website\",\"url\":\"https:\\\/\\\/polkagris.com\\\/\",\"name\":\"Grenna Polkagriskokeri\",\"description\":\"\u00c4kta Gr\u00e4nna polkagrisar\",\"potentialAction\":[{\"@type\":\"SearchAction\",\"target\":{\"@type\":\"EntryPoint\",\"urlTemplate\":\"https:\\\/\\\/polkagris.com\\\/?s={search_term_string}\"},\"query-input\":{\"@type\":\"PropertyValueSpecification\",\"valueRequired\":true,\"valueName\":\"search_term_string\"}}],\"inLanguage\":\"en-US\"}]}<\/script>\n<!-- \/ Yoast SEO plugin. -->","yoast_head_json":{"title":"Terms and conditions of sales - Grenna Polkagriskokeri","robots":{"index":"index","follow":"follow","max-snippet":"max-snippet:-1","max-image-preview":"max-image-preview:large","max-video-preview":"max-video-preview:-1"},"canonical":"https:\/\/polkagris.com\/forsaljningsvillkor\/","og_locale":"en_US","og_type":"article","og_title":"Terms and conditions of sales - Grenna Polkagriskokeri","og_description":"Hos Grenna Polkagriskokeri AB omfattas du som konsument av Konsumentk\u00f6plagen,\u00a0Konsumenttj\u00e4nstlagen\u00a0och\u00a0lag om distansavtal och avtal utanf\u00f6r aff\u00e4rslokaler. 1. Produktinformation Information om produkterna g\u00e4llande ingredienser, n\u00e4rings\u00e4mnen och vikt finns p\u00e5 respektive produktsida. Vid ytterligare fr\u00e5gor kontakta info@grenna-polkagris.se 2. Priser och frakt Alla priser anges i SEK och inkluderar moms. Priser p\u00e5 respektive produkt framg\u00e5r i webbutiken, \u00e4ndring [&hellip;]","og_url":"https:\/\/polkagris.com\/forsaljningsvillkor\/","og_site_name":"Grenna Polkagriskokeri","article_modified_time":"2022-02-14T12:23:40+00:00","twitter_card":"summary_large_image","twitter_misc":{"Est. reading time":"5 minutes"},"schema":{"@context":"https:\/\/schema.org","@graph":[{"@type":"WebPage","@id":"https:\/\/polkagris.com\/forsaljningsvillkor\/","url":"https:\/\/polkagris.com\/forsaljningsvillkor\/","name":"Terms and conditions of sales - Grenna Polkagriskokeri","isPartOf":{"@id":"https:\/\/polkagris.com\/#website"},"datePublished":"2019-02-15T08:04:39+00:00","dateModified":"2022-02-14T12:23:40+00:00","breadcrumb":{"@id":"https:\/\/polkagris.com\/forsaljningsvillkor\/#breadcrumb"},"inLanguage":"en-US","potentialAction":[{"@type":"ReadAction","target":["https:\/\/polkagris.com\/forsaljningsvillkor\/"]}]},{"@type":"BreadcrumbList","@id":"https:\/\/polkagris.com\/forsaljningsvillkor\/#breadcrumb","itemListElement":[{"@type":"ListItem","position":1,"name":"Hem","item":"https:\/\/polkagris.com\/en\/"},{"@type":"ListItem","position":2,"name":"Terms and conditions of sales"}]},{"@type":"WebSite","@id":"https:\/\/polkagris.com\/#website","url":"https:\/\/polkagris.com\/","name":"Grenna Polkagriskokeri","description":"\u00c4kta Gr\u00e4nna polkagrisar","potentialAction":[{"@type":"SearchAction","target":{"@type":"EntryPoint","urlTemplate":"https:\/\/polkagris.com\/?s={search_term_string}"},"query-input":{"@type":"PropertyValueSpecification","valueRequired":true,"valueName":"search_term_string"}}],"inLanguage":"en-US"}]}},"_links":{"self":[{"href":"https:\/\/polkagris.com\/en\/wp-json\/wp\/v2\/pages\/4420","targetHints":{"allow":["GET"]}}],"collection":[{"href":"https:\/\/polkagris.com\/en\/wp-json\/wp\/v2\/pages"}],"about":[{"href":"https:\/\/polkagris.com\/en\/wp-json\/wp\/v2\/types\/page"}],"author":[{"embeddable":true,"href":"https:\/\/polkagris.com\/en\/wp-json\/wp\/v2\/users\/1"}],"replies":[{"embeddable":true,"href":"https:\/\/polkagris.com\/en\/wp-json\/wp\/v2\/comments?post=4420"}],"version-history":[{"count":3,"href":"https:\/\/polkagris.com\/en\/wp-json\/wp\/v2\/pages\/4420\/revisions"}],"predecessor-version":[{"id":15202,"href":"https:\/\/polkagris.com\/en\/wp-json\/wp\/v2\/pages\/4420\/revisions\/15202"}],"wp:attachment":[{"href":"https:\/\/polkagris.com\/en\/wp-json\/wp\/v2\/media?parent=4420"}],"curies":[{"name":"wp","href":"https:\/\/api.w.org\/{rel}","templated":true}]}}